{"id":37673,"date":"2024-06-22T21:28:00","date_gmt":"2024-06-22T21:28:00","guid":{"rendered":"https:\/\/rawforce.cl\/?post_type=product&#038;p=37673"},"modified":"2024-06-22T21:28:00","modified_gmt":"2024-06-22T21:28:00","slug":"sortilege-metamorphose","status":"publish","type":"product","link":"https:\/\/rawforce.cl\/index.php\/product\/sortilege-metamorphose\/","title":{"rendered":"SORTIL\u00c8GE &#8211; M\u00e9tamorphose"},"content":{"rendered":"<p>1- D&#8217;ailleurs<\/p>\n<p>2- Majest\u00e9<\/p>\n<p>3- Hymne \u00e0 la mort<\/p>\n<p>4- L\u00e9gende<\/p>\n<p>5- Nuit des limbes<\/p>\n<p>6- Civilisation perdue<\/p>\n<p>7- D\u00e9lire d&#8217;un fou<\/p>\n<p>8- Cyclope de l&#8217;\u00e9tang<\/p>\n<p>9- M\u00e9tamorphose<\/p>\n<p>10- Majesty*<\/p>\n<p>11- Legend*<\/p>\n<p>12- Lost civilization*<\/p>\n<p>13- Cyclops of the lake*<\/p>\n<p>14- Metamorphosis*<\/p>\n","protected":false},"excerpt":{"rendered":"<p>1- D&#8217;ailleurs 2- Majest\u00e9 3- Hymne \u00e0 la mort 4- L\u00e9gende 5- Nuit des limbes 6- Civilisation perdue 7- D\u00e9lire d&#8217;un fou 8- Cyclope de l&#8217;\u00e9tang 9- M\u00e9tamorphose 10- Majesty* 11- Legend* 12- Lost civilization* 13- Cyclops of the lake* 14- Metamorphosis*<\/p>\n","protected":false},"featured_media":37674,"comment_status":"open","ping_status":"closed","template":"","meta":[],"product_cat":[219],"product_tag":[],"class_list":["post-37673","product","type-product","status-publish","has-post-thumbnail","hentry","product_cat-cds-distro","description-off"],"_links":{"self":[{"href":"https:\/\/rawforce.cl\/index.php\/wp-json\/wp\/v2\/product\/37673","targetHints":{"allow":["GET"]}}],"collection":[{"href":"https:\/\/rawforce.cl\/index.php\/wp-json\/wp\/v2\/product"}],"about":[{"href":"https:\/\/rawforce.cl\/index.php\/wp-json\/wp\/v2\/types\/product"}],"replies":[{"embeddable":true,"href":"https:\/\/rawforce.cl\/index.php\/wp-json\/wp\/v2\/comments?post=37673"}],"wp:featuredmedia":[{"embeddable":true,"href":"https:\/\/rawforce.cl\/index.php\/wp-json\/wp\/v2\/media\/37674"}],"wp:attachment":[{"href":"https:\/\/rawforce.cl\/index.php\/wp-json\/wp\/v2\/media?parent=37673"}],"wp:term":[{"taxonomy":"product_cat","embeddable":true,"href":"https:\/\/rawforce.cl\/index.php\/wp-json\/wp\/v2\/product_cat?post=37673"},{"taxonomy":"product_tag","embeddable":true,"href":"https:\/\/rawforce.cl\/index.php\/wp-json\/wp\/v2\/product_tag?post=37673"}],"curies":[{"name":"wp","href":"https:\/\/api.w.org\/{rel}","templated":true}]}}