{"id":37279,"date":"2022-12-03T18:07:21","date_gmt":"2022-12-03T18:07:21","guid":{"rendered":"https:\/\/rawforce.cl\/?post_type=product&#038;p=37279"},"modified":"2023-12-02T20:44:54","modified_gmt":"2023-12-02T20:44:54","slug":"immortal-blizzard-beast","status":"publish","type":"product","link":"https:\/\/rawforce.cl\/index.php\/product\/immortal-blizzard-beast\/","title":{"rendered":"IMMORTAL \/ Blizzard Beast"},"content":{"rendered":"<p>Black Metal, Noruega<\/p>\n<p>&nbsp;<\/p>\n<table class=\"tracklist_4KOvL\">\n<tbody>\n<tr data-track-position=\"1\">\n<td class=\"position_2Kr__\"><\/td>\n<td class=\"artist_1mUch\">1<\/td>\n<td class=\"trackTitleNoArtist_ANE8Q\">Intro<\/td>\n<td class=\"duration_25zMZ\">1:00<\/td>\n<\/tr>\n<tr data-track-position=\"2\">\n<td class=\"position_2Kr__\"><\/td>\n<td class=\"artist_1mUch\">2<\/td>\n<td class=\"trackTitleNoArtist_ANE8Q\">Blizzard Beasts<\/td>\n<td class=\"duration_25zMZ\">2:49<\/td>\n<\/tr>\n<tr data-track-position=\"3\">\n<td class=\"position_2Kr__\"><\/td>\n<td class=\"artist_1mUch\">3<\/td>\n<td class=\"trackTitleNoArtist_ANE8Q\">Nebular Ravens Winter<\/td>\n<td class=\"duration_25zMZ\">4:12<\/td>\n<\/tr>\n<tr data-track-position=\"4\">\n<td class=\"position_2Kr__\"><\/td>\n<td class=\"artist_1mUch\">4<\/td>\n<td class=\"trackTitleNoArtist_ANE8Q\">Suns That Sank Below<\/td>\n<td class=\"duration_25zMZ\">2:46<\/td>\n<\/tr>\n<tr data-track-position=\"5\">\n<td class=\"position_2Kr__\"><\/td>\n<td class=\"artist_1mUch\">5<\/td>\n<td class=\"trackTitleNoArtist_ANE8Q\">Battlefields<\/td>\n<td class=\"duration_25zMZ\">3:40<\/td>\n<\/tr>\n<tr data-track-position=\"6\">\n<td class=\"position_2Kr__\"><\/td>\n<td class=\"artist_1mUch\">6<\/td>\n<td class=\"trackTitleNoArtist_ANE8Q\">Mountains Of Might<\/td>\n<td class=\"duration_25zMZ\">6:37<\/td>\n<\/tr>\n<tr data-track-position=\"7\">\n<td class=\"position_2Kr__\"><\/td>\n<td class=\"artist_1mUch\">7<\/td>\n<td class=\"trackTitleNoArtist_ANE8Q\">Noctambulant<\/td>\n<td class=\"duration_25zMZ\">2:22<\/td>\n<\/tr>\n<tr data-track-position=\"8\">\n<td class=\"position_2Kr__\"><\/td>\n<td class=\"artist_1mUch\">8<\/td>\n<td class=\"trackTitleNoArtist_ANE8Q\">Winter Of The Ages<\/td>\n<td class=\"duration_25zMZ\">2:32<\/td>\n<\/tr>\n<tr data-track-position=\"9\">\n<td class=\"position_2Kr__\"><\/td>\n<td class=\"artist_1mUch\">9<\/td>\n<td class=\"trackTitleNoArtist_ANE8Q\">Frostdemonstorm<\/td>\n<td class=\"duration_25zMZ\">2:53<\/td>\n<\/tr>\n<\/tbody>\n<\/table>\n<p>&nbsp;<\/p>\n<p>Siendo el cuarto \u00e1lbum de la banda posee m\u00e1s influencia Death Metal, es el \u00faltimo en que toca Demonaz y el primero en el que Horgh toca la bater\u00eda.<\/p>\n","protected":false},"excerpt":{"rendered":"<p>Black Metal, Noruega &nbsp; 1 Intro 1:00 2 Blizzard Beasts 2:49 3 Nebular Ravens Winter 4:12 4 Suns That Sank Below 2:46 5 Battlefields 3:40 6 Mountains Of Might 6:37 7 Noctambulant 2:22 8 Winter Of The Ages 2:32 9 Frostdemonstorm 2:53 &nbsp; Siendo el cuarto \u00e1lbum de la banda posee m\u00e1s influencia Death Metal,&hellip;<\/p>\n","protected":false},"featured_media":37280,"comment_status":"open","ping_status":"closed","template":"","meta":[],"product_cat":[157],"product_tag":[],"class_list":["post-37279","product","type-product","status-publish","has-post-thumbnail","hentry","product_cat-cds","description-off"],"_links":{"self":[{"href":"https:\/\/rawforce.cl\/index.php\/wp-json\/wp\/v2\/product\/37279","targetHints":{"allow":["GET"]}}],"collection":[{"href":"https:\/\/rawforce.cl\/index.php\/wp-json\/wp\/v2\/product"}],"about":[{"href":"https:\/\/rawforce.cl\/index.php\/wp-json\/wp\/v2\/types\/product"}],"replies":[{"embeddable":true,"href":"https:\/\/rawforce.cl\/index.php\/wp-json\/wp\/v2\/comments?post=37279"}],"wp:featuredmedia":[{"embeddable":true,"href":"https:\/\/rawforce.cl\/index.php\/wp-json\/wp\/v2\/media\/37280"}],"wp:attachment":[{"href":"https:\/\/rawforce.cl\/index.php\/wp-json\/wp\/v2\/media?parent=37279"}],"wp:term":[{"taxonomy":"product_cat","embeddable":true,"href":"https:\/\/rawforce.cl\/index.php\/wp-json\/wp\/v2\/product_cat?post=37279"},{"taxonomy":"product_tag","embeddable":true,"href":"https:\/\/rawforce.cl\/index.php\/wp-json\/wp\/v2\/product_tag?post=37279"}],"curies":[{"name":"wp","href":"https:\/\/api.w.org\/{rel}","templated":true}]}}